{"id":167,"date":"2026-01-10T18:46:36","date_gmt":"2026-01-10T18:46:36","guid":{"rendered":"https:\/\/cube-interactive.com\/msta\/?page_id=167"},"modified":"2026-01-10T18:48:16","modified_gmt":"2026-01-10T18:48:16","slug":"accredited-seafarers-training-providers","status":"publish","type":"page","link":"https:\/\/msta-registry.info\/index.php\/accredited-seafarers-training-providers\/","title":{"rendered":"Accredited Seafarers Training Providers"},"content":{"rendered":"\t\t<div data-elementor-type=\"wp-page\" data-elementor-id=\"167\" class=\"elementor elementor-167\" data-elementor-post-type=\"page\">\n\t\t\t\t\t\t<section class=\"elementor-section elementor-top-section elementor-element elementor-element-5a15a49 elementor-section-boxed elementor-section-height-default elementor-section-height-default\" data-id=\"5a15a49\" data-element_type=\"section\">\n\t\t\t\t\t\t<div class=\"elementor-container elementor-column-gap-default\">\n\t\t\t\t\t<div class=\"elementor-column elementor-col-100 elementor-top-column elementor-element elementor-element-71d94e5\" data-id=\"71d94e5\" data-element_type=\"column\">\n\t\t\t<div class=\"elementor-widget-wrap elementor-element-populated\">\n\t\t\t\t\t\t<div class=\"elementor-element elementor-element-dc51a1e elementor-icon-list--layout-inline elementor-list-item-link-full_width elementor-widget elementor-widget-icon-list\" data-id=\"dc51a1e\" data-element_type=\"widget\" data-widget_type=\"icon-list.default\">\n\t\t\t\t\t\t\t<ul class=\"elementor-icon-list-items elementor-inline-items\">\n\t\t\t\t\t\t\t<li class=\"elementor-icon-list-item elementor-inline-item\">\n\t\t\t\t\t\t\t\t\t\t<span class=\"elementor-icon-list-text\"> Home<\/span>\n\t\t\t\t\t\t\t\t\t<\/li>\n\t\t\t\t\t\t\t\t<li class=\"elementor-icon-list-item elementor-inline-item\">\n\t\t\t\t\t\t\t\t\t\t\t<span class=\"elementor-icon-list-icon\">\n\t\t\t\t\t\t\t<svg aria-hidden=\"true\" class=\"e-font-icon-svg e-fas-angle-right\" viewBox=\"0 0 256 512\" xmlns=\"http:\/\/www.w3.org\/2000\/svg\"><path d=\"M224.3 273l-136 136c-9.4 9.4-24.6 9.4-33.9 0l-22.6-22.6c-9.4-9.4-9.4-24.6 0-33.9l96.4-96.4-96.4-96.4c-9.4-9.4-9.4-24.6 0-33.9L54.3 103c9.4-9.4 24.6-9.4 33.9 0l136 136c9.5 9.4 9.5 24.6.1 34z\"><\/path><\/svg>\t\t\t\t\t\t<\/span>\n\t\t\t\t\t\t\t\t\t\t<span class=\"elementor-icon-list-text\"> SEAFARERS<\/span>\n\t\t\t\t\t\t\t\t\t<\/li>\n\t\t\t\t\t\t\t\t<li class=\"elementor-icon-list-item elementor-inline-item\">\n\t\t\t\t\t\t\t\t\t\t\t<span class=\"elementor-icon-list-icon\">\n\t\t\t\t\t\t\t<svg aria-hidden=\"true\" class=\"e-font-icon-svg e-fas-angle-right\" viewBox=\"0 0 256 512\" xmlns=\"http:\/\/www.w3.org\/2000\/svg\"><path d=\"M224.3 273l-136 136c-9.4 9.4-24.6 9.4-33.9 0l-22.6-22.6c-9.4-9.4-9.4-24.6 0-33.9l96.4-96.4-96.4-96.4c-9.4-9.4-9.4-24.6 0-33.9L54.3 103c9.4-9.4 24.6-9.4 33.9 0l136 136c9.5 9.4 9.5 24.6.1 34z\"><\/path><\/svg>\t\t\t\t\t\t<\/span>\n\t\t\t\t\t\t\t\t\t\t<span class=\"elementor-icon-list-text\"> Accredited Seafarers Training Providers<\/span>\n\t\t\t\t\t\t\t\t\t<\/li>\n\t\t\t\t\t\t<\/ul>\n\t\t\t\t\t\t<\/div>\n\t\t\t\t<div class=\"elementor-element elementor-element-5d4a37e elementor-widget-divider--view-line elementor-widget elementor-widget-divider\" data-id=\"5d4a37e\" data-element_type=\"widget\" data-widget_type=\"divider.default\">\n\t\t\t\t\t\t\t<div class=\"elementor-divider\">\n\t\t\t<span class=\"elementor-divider-separator\">\n\t\t\t\t\t\t<\/span>\n\t\t<\/div>\n\t\t\t\t\t\t<\/div>\n\t\t\t\t\t<\/div>\n\t\t<\/div>\n\t\t\t\t\t<\/div>\n\t\t<\/section>\n\t\t\t\t<section class=\"elementor-section elementor-top-section elementor-element elementor-element-a1bebf3 elementor-section-boxed elementor-section-height-default elementor-section-height-default\" data-id=\"a1bebf3\" data-element_type=\"section\">\n\t\t\t\t\t\t<div class=\"elementor-container elementor-column-gap-default\">\n\t\t\t\t\t<div class=\"elementor-column elementor-col-100 elementor-top-column elementor-element elementor-element-c2775aa\" data-id=\"c2775aa\" data-element_type=\"column\">\n\t\t\t<div class=\"elementor-widget-wrap elementor-element-populated\">\n\t\t\t\t\t\t<div class=\"elementor-element elementor-element-5b62447 elementor-widget elementor-widget-heading\" data-id=\"5b62447\" data-element_type=\"widget\" data-widget_type=\"heading.default\">\n\t\t\t\t\t<h2 class=\"elementor-heading-title elementor-size-default\">Accredited Seafarers Training Providers\n<\/h2>\t\t\t\t<\/div>\n\t\t\t\t<div class=\"elementor-element elementor-element-60d2adf elementor-widget elementor-widget-text-editor\" data-id=\"60d2adf\" data-element_type=\"widget\" data-widget_type=\"text-editor.default\">\n\t\t\t\t\t\t\t\t\t<div id=\"gkPageContent\"><div id=\"gkContent\"><section id=\"gkMainbody\"><article id=\"comContentContainer\" class=\"itemView single-page \"><div class=\"gkPage\"><div id=\"gk-content-wrapper\"><div class=\"item-content\"><div class=\"item-body\"><p>Accredited Seafarers Training Providers<\/p><p>*Academia del puerto naval<br \/>Avenida Eduardo Madero 200<br \/>Ciudad Aut\u00f3noma de Buenos Aires<br \/>C1106ACC<br \/>Argentina<br \/>Fax +54 11-4318 7580<br \/><strong>Valid till: 20.01.2025<\/strong><\/p><p><strong>Renewed after annual Audit &amp; Inspection<\/strong><\/p><p>&#8212;&#8212;&#8212;&#8212;&#8212;&#8212;&#8212;&#8212;&#8212;&#8212;&#8212;&#8212;&#8212;&#8212;&#8212;&#8212;<\/p><p>*Centro de Instru\u00e7\u00e3o Almirante Br\u00e1s de Aguiar<br \/>Avenida Rio Branco,<br \/>sala 1506<br \/>Centro<br \/>Rio de Janeiro<br \/>20040-004<br \/>Brazil<\/p><p><strong>Valid till: 20.04.2024<\/strong><\/p><p>\u00a0&#8212;&#8212;&#8212;&#8212;&#8212;&#8212;&#8212;&#8212;&#8212;&#8212;&#8212;&#8212;&#8212;&#8212;&#8212;&#8212;-<\/p><p>*Carrebean Maritime School<br \/>9C Peridot Rd<br \/>Simpson Bay<br \/>St Maarten<br \/>Phone: 1 721 5815826<\/p><p><strong>Valid till: 01.04.2025<br \/><\/strong><\/p><p><strong>Renewed after annual audit &amp; Inspection<\/strong><\/p><p>&#8212;&#8212;&#8212;&#8212;&#8212;&#8212;&#8212;&#8212;&#8212;&#8212;&#8212;&#8212;&#8212;&#8212;&#8212;&#8212;-<\/p><p>*Marine Crew Safety Training Acacemy<br \/>16 De Korte St, Johannesburg, 2001, South Africa<br \/>Phone: +27 11 403 1882<\/p><p><strong>Valid till: 05.08.2025<\/strong><\/p><p>&#8212;&#8212;&#8212;&#8212;&#8212;&#8212;&#8212;&#8212;&#8212;&#8212;&#8212;&#8212;&#8212;&#8212;&#8212;&#8212;&#8212;<\/p><p>*Gdy\u0144ska Szko\u0142a Marynarki Wojennej<br \/>(Gdynia Seafarers Training College)<br \/>Morska 85\/104, 72-225 Gdynia, Poland<\/p><p><strong>Valid till: 20.12.2024<br \/><\/strong><\/p><p>&#8212;&#8212;&#8212;&#8212;&#8212;&#8212;&#8212;&#8212;&#8212;&#8212;&#8212;&#8212;&#8212;&#8212;&#8212;&#8212;&#8212;&#8211;<\/p><p>*Tonci Pirovic<br \/>Adriatic Maritime Croatia<br \/>Heiningerova 20,<br \/>HR \u2013 52100 Pula ,<br \/>Croatia<\/p><p><strong>\u00a0Valid till: 20.06.2025<\/strong><\/p><p><strong>Renewed after annual audit &amp; Inspection<\/strong><\/p><p>\u00a0&#8212;&#8212;&#8212;&#8212;&#8212;&#8212;&#8212;&#8212;&#8212;&#8212;&#8212;&#8212;&#8212;&#8212;&#8212;&#8212;&#8211;<\/p><p>Crystal Marina School<br \/>Rua Amador Bueno, 384<br \/>Paquet\u00e1 \u2013 Santos, SP<br \/>BRAZIL CEP 11013-152<br \/>+55 21 3077.3505<br \/>E.mail:<span id=\"cloakc4e5b9de8e0297a7e93395adfc486769\">cni@rdjcni.com<\/span><\/p><p><strong>Valid till: 16.06.2025<br \/><br \/><\/strong><\/p><p><strong>Renewed after annual audit &amp; Inspection<\/strong><\/p><\/div><\/div><\/div><\/div><\/article><\/section><\/div><\/div>\t\t\t\t\t\t\t\t<\/div>\n\t\t\t\t\t<\/div>\n\t\t<\/div>\n\t\t\t\t\t<\/div>\n\t\t<\/section>\n\t\t\t\t<\/div>\n\t\t","protected":false},"excerpt":{"rendered":"<p>Home SEAFARERS Accredited Seafarers Training Providers Accredited Seafarers Training Providers Accredited Seafarers Training Providers *Academia del puerto navalAvenida Eduardo Madero 200Ciudad Aut\u00f3noma de Buenos AiresC1106ACCArgentinaFax +54 11-4318 7580Valid till: 20.01.2025 Renewed after annual Audit &amp; Inspection &#8212;&#8212;&#8212;&#8212;&#8212;&#8212;&#8212;&#8212;&#8212;&#8212;&#8212;&#8212;&#8212;&#8212;&#8212;&#8212; *Centro de Instru\u00e7\u00e3o Almirante Br\u00e1s de AguiarAvenida Rio Branco,sala 1506CentroRio de Janeiro20040-004Brazil Valid till: 20.04.2024 \u00a0&#8212;&#8212;&#8212;&#8212;&#8212;&#8212;&#8212;&#8212;&#8212;&#8212;&#8212;&#8212;&#8212;&#8212;&#8212;&#8212;- *Carrebean Maritime [&hellip;]<\/p>\n","protected":false},"author":1,"featured_media":0,"parent":0,"menu_order":0,"comment_status":"closed","ping_status":"closed","template":"elementor_header_footer","meta":{"_acf_changed":false,"footnotes":""},"class_list":["post-167","page","type-page","status-publish","hentry"],"acf":[],"_links":{"self":[{"href":"https:\/\/msta-registry.info\/index.php\/wp-json\/wp\/v2\/pages\/167","targetHints":{"allow":["GET"]}}],"collection":[{"href":"https:\/\/msta-registry.info\/index.php\/wp-json\/wp\/v2\/pages"}],"about":[{"href":"https:\/\/msta-registry.info\/index.php\/wp-json\/wp\/v2\/types\/page"}],"author":[{"embeddable":true,"href":"https:\/\/msta-registry.info\/index.php\/wp-json\/wp\/v2\/users\/1"}],"replies":[{"embeddable":true,"href":"https:\/\/msta-registry.info\/index.php\/wp-json\/wp\/v2\/comments?post=167"}],"version-history":[{"count":4,"href":"https:\/\/msta-registry.info\/index.php\/wp-json\/wp\/v2\/pages\/167\/revisions"}],"predecessor-version":[{"id":172,"href":"https:\/\/msta-registry.info\/index.php\/wp-json\/wp\/v2\/pages\/167\/revisions\/172"}],"wp:attachment":[{"href":"https:\/\/msta-registry.info\/index.php\/wp-json\/wp\/v2\/media?parent=167"}],"curies":[{"name":"wp","href":"https:\/\/api.w.org\/{rel}","templated":true}]}}